{"id":418,"date":"2012-06-22T23:35:31","date_gmt":"2012-06-22T21:35:31","guid":{"rendered":"http:\/\/multisite.dev\/risen\/?page_id=418"},"modified":"2022-05-01T11:33:10","modified_gmt":"2022-05-01T09:33:10","slug":"events","status":"publish","type":"page","link":"https:\/\/vineyard-bergedorf.de\/wop\/events\/","title":{"rendered":"Termine"},"content":{"rendered":"<h1>Regelm\u00e4\u00dfige Gottesdienste und Veranstaltungen<\/h1>\n<p>Jeden 2. Sonntag abwechselnd Hausgemeinschaften und Pr\u00e4senzgottesdienst<\/p>\n<hr \/>\n<p><!--\n\n\n<h1>Der aktuelle Terminzettel als Download<\/h1>\n\n\n<a href=\"http:\/\/vineyard-bergedorf.de\/wop\/wp-content\/uploads\/2012\/06\/2015-03-04-vyb-termine.jpg\" data-rel=\"gallery-image-0\" data-rl_title=\"\" data-rl_caption=\"\" title=\"\"><img loading=\"lazy\" decoding=\"async\" class=\"alignnone size-thumbnail wp-image-1139\" src=\"http:\/\/vineyard-bergedorf.de\/wop\/wp-content\/uploads\/2012\/06\/2015-03-04-vyb-termine-150x150.jpg\" alt=\"2015-03-04-vyb-termine\" width=\"150\" height=\"150\" srcset=\"https:\/\/vineyard-bergedorf.de\/wop\/wp-content\/uploads\/2012\/06\/2015-03-04-vyb-termine-150x150.jpg 150w, https:\/\/vineyard-bergedorf.de\/wop\/wp-content\/uploads\/2012\/06\/2015-03-04-vyb-termine-180x180.jpg 180w, https:\/\/vineyard-bergedorf.de\/wop\/wp-content\/uploads\/2012\/06\/2015-03-04-vyb-termine-55x55.jpg 55w\" sizes=\"auto, (max-width: 150px) 100vw, 150px\" \/><\/a>--><\/p>\n<hr \/>\n<h1>Terminkalender<\/h1>\n<div class=\"eo-event-board\" data-board=\"69f7a204b5c29\"><div class=\"eo-event-board-filters\" data-filters=\"\"><\/div><div class=\"eo-event-board-items\"><\/div><div class=\"eo-event-board-more\"><\/div><\/div>\n<hr \/>\n<h1>Terminkalender<\/h1>\n<div id=\"eo_fullcalendar_1_loading\" class=\"eo-fullcalendar-loading\" ><img decoding=\"async\" src=\"https:\/\/vineyard-bergedorf.de\/wop\/wp-content\/plugins\/event-organiser\/css\/images\/loading-image.gif\" class=\"eo-fullcalendar-loading-icon\" alt=\"Laden&#8230;\" \/> Laden&#8230;<\/div><div class=\"eo-fullcalendar eo-fullcalendar-shortcode eo-fullcalendar-reset eo-fullcalendar-responsive\" id=\"eo_fullcalendar_1\"><\/div>\n<hr \/>\n","protected":false},"excerpt":{"rendered":"<p>Regelm\u00e4\u00dfige Gottesdienste und Veranstaltungen Jeden 2. Sonntag abwechselnd Hausgemeinschaften und Pr\u00e4senzgottesdienst Terminkalender Terminkalender<\/p>\n","protected":false},"author":1,"featured_media":1040,"parent":0,"menu_order":0,"comment_status":"closed","ping_status":"closed","template":"","meta":{"footnotes":""},"class_list":["post-418","page","type-page","status-publish","has-post-thumbnail","hentry"],"_links":{"self":[{"href":"https:\/\/vineyard-bergedorf.de\/wop\/wp-json\/wp\/v2\/pages\/418","targetHints":{"allow":["GET"]}}],"collection":[{"href":"https:\/\/vineyard-bergedorf.de\/wop\/wp-json\/wp\/v2\/pages"}],"about":[{"href":"https:\/\/vineyard-bergedorf.de\/wop\/wp-json\/wp\/v2\/types\/page"}],"author":[{"embeddable":true,"href":"https:\/\/vineyard-bergedorf.de\/wop\/wp-json\/wp\/v2\/users\/1"}],"replies":[{"embeddable":true,"href":"https:\/\/vineyard-bergedorf.de\/wop\/wp-json\/wp\/v2\/comments?post=418"}],"version-history":[{"count":31,"href":"https:\/\/vineyard-bergedorf.de\/wop\/wp-json\/wp\/v2\/pages\/418\/revisions"}],"predecessor-version":[{"id":2038,"href":"https:\/\/vineyard-bergedorf.de\/wop\/wp-json\/wp\/v2\/pages\/418\/revisions\/2038"}],"wp:featuredmedia":[{"embeddable":true,"href":"https:\/\/vineyard-bergedorf.de\/wop\/wp-json\/wp\/v2\/media\/1040"}],"wp:attachment":[{"href":"https:\/\/vineyard-bergedorf.de\/wop\/wp-json\/wp\/v2\/media?parent=418"}],"curies":[{"name":"wp","href":"https:\/\/api.w.org\/{rel}","templated":true}]}}