{"id":947,"date":"2015-02-04T19:35:46","date_gmt":"2015-02-04T18:35:46","guid":{"rendered":"http:\/\/vineyard-bergedorf.de\/wop\/?page_id=947"},"modified":"2015-02-06T00:06:32","modified_gmt":"2015-02-05T23:06:32","slug":"ueber-uns","status":"publish","type":"page","link":"https:\/\/vineyard-bergedorf.de\/wop\/ueber-uns\/","title":{"rendered":"\u00dcber uns"},"content":{"rendered":"<blockquote><p>Wir m\u00f6chten allen Besuchern offen und herzlich begegnen. Uns sind Beziehungen sehr wichtig. Als Gemeinde wollen wir Familie leben. Wir wollen Freundschaften eingehen und lernen, mit Spannungen und Konflikten umzugehen.<\/p><\/blockquote>\n<h3>Unsere Werte<\/h3>\n<p>Unsere Werte gelten in der gesamten Vineyard Bewegung (zurzeit weltweit etwa 1.400 Gemeinden auf allen Kontinenten).<br \/>\nMan spricht bildhaft vom &#8222;genetischen&#8220; Code der Vineyard-Bewegung. Jede Gemeinde ist in ihrer Zusammensetzung einmalig.<br \/>\nSo k\u00f6nnen wir voneinander lernen und uns gegenseitig erg\u00e4nzen.<\/p>\n<ul>\n<li><strong>Anbetung: <\/strong>&#8222;Wenn wir nur eine Stunde pro Woche Zeit h\u00e4tten, w\u00fcrden wir in dieser Zeit gemeinsam Gott anbeten&#8220;<br \/>\n(Bob Fulton,1995)<\/li>\n<li><strong>Wort Gottes: <\/strong>&#8222;Alles was wir in der Vineyard \u2013 Bewegung tun, messen wir an den Ma\u00dfst\u00e4ben und Grunds\u00e4tzen der Bibel.&#8220;<br \/>\n(Bob Fulton, 1995)<\/li>\n<li><strong>Gemeinschaft:<\/strong> &#8222;Innigkeit mit Gott f\u00fchrt zur Innigkeit untereinander&#8220;<br \/>\n(Bob Fulton, 1995)<\/li>\n<li><strong>J\u00fcngerschaft:<\/strong> &#8222;Was Du von mir geh\u00f6rt hast vor vielen Zeugen, das befiehl treuen Menschen an, die t\u00fcchtig sind,<br \/>\nauch andere zu lehren.&#8220; (2. Timotheus 2,2)<\/li>\n<li><strong>Barmherzigkeit:<\/strong> &#8222;Ich bin sanftm\u00fctig und von Herzen dem\u00fctig&#8220;<br \/>\n(Matth\u00e4us 11.28)<\/li>\n<li><strong>Evangelisation:<\/strong> &#8222;Gott hat einen hellen Schein in unsere Herzen gegeben, damit durch uns entst\u00fcnde die Erleuchtung<br \/>\nzur Erkenntnis der Herrlichkeit Gottes in dem Angesicht Jesu Christi.&#8220; (2. Korinther 4,6)<\/li>\n<li><strong>Einheit:<\/strong> &#8222;Wir lieben die Geschwister, weil Jesus sie liebt&#8220; (Johannes 17)<\/li>\n<\/ul>\n<h3>Unsere Gruppen<\/h3>\n<p><strong>Hauskreise:<\/strong> Christsein geschieht im Alltag. Wir kommen zusammen, wo wir leben. Wir singen gemeinsam, lesen in der Bibel und beten f\u00fcreinander. Wenn Not am Mann oder an der Frau ist, helfen wir uns gegenseitig.<\/p>\n<p><!--<strong>Jugendgruppe:<\/strong> Jugendgruppe: Wir als Jugendliche (14\u2013 bis ca. 19 Jahre) treffen uns jeden Samstagnachmittag um 17:00 Uhr! In unserem eigenen Jugendraum am Weidenbaumsweg. Gemeinsam verbringen wir eine coole Zeit, in der wir zuerst einfach nur quatschen, abh\u00e4ngen oder Tischfu\u00dfball spielen \ud83d\ude09 bevor wir dann einen geistlichen \u201eInput\u201c von einem der Jugendleiter h\u00f6ren und gemeinsam dar\u00fcber sprechen. Jeder ist herzlich willkommen mal vorbei zu schauen \u2013 ganz unverbindlich nat\u00fcrlich! Wir freuen uns auf Dich! Bei Fragen schick doch einfach eine Mail an MatzeDiese E-Mail-Adresse ist gegen Spam Bots gesch\u00fctzt, du musst JavaScript aktivieren, damit du sie sehen kannst.--><\/p>\n<p><strong>Gebets- und Dienstgruppen:<\/strong> Wir sind flexibel. Es tun sich immer wieder Menschen zusammen, denen eine bestimmte Sache ganz besonders wichtig ist. (Musik, Tanz, Ausfl\u00fcge, praktische Hilfe, Gebet f\u00fcr besondere Situationen&#8230;)<\/p>\n","protected":false},"excerpt":{"rendered":"<p>Wir m\u00f6chten allen Besuchern offen und herzlich begegnen. Uns sind Beziehungen sehr wichtig. Als Gemeinde wollen wir Familie leben. Wir wollen Freundschaften eingehen und lernen, mit Spannungen und Konflikten umzugehen. Unsere Werte Unsere Werte gelten in der gesamten Vineyard Bewegung (zurzeit weltweit etwa 1.400 Gemeinden auf allen Kontinenten). Man spricht bildhaft vom &#8222;genetischen&#8220; Code der [&hellip;]<\/p>\n","protected":false},"author":1,"featured_media":1085,"parent":0,"menu_order":0,"comment_status":"closed","ping_status":"closed","template":"","meta":{"footnotes":""},"class_list":["post-947","page","type-page","status-publish","has-post-thumbnail","hentry"],"_links":{"self":[{"href":"https:\/\/vineyard-bergedorf.de\/wop\/wp-json\/wp\/v2\/pages\/947","targetHints":{"allow":["GET"]}}],"collection":[{"href":"https:\/\/vineyard-bergedorf.de\/wop\/wp-json\/wp\/v2\/pages"}],"about":[{"href":"https:\/\/vineyard-bergedorf.de\/wop\/wp-json\/wp\/v2\/types\/page"}],"author":[{"embeddable":true,"href":"https:\/\/vineyard-bergedorf.de\/wop\/wp-json\/wp\/v2\/users\/1"}],"replies":[{"embeddable":true,"href":"https:\/\/vineyard-bergedorf.de\/wop\/wp-json\/wp\/v2\/comments?post=947"}],"version-history":[{"count":3,"href":"https:\/\/vineyard-bergedorf.de\/wop\/wp-json\/wp\/v2\/pages\/947\/revisions"}],"predecessor-version":[{"id":1086,"href":"https:\/\/vineyard-bergedorf.de\/wop\/wp-json\/wp\/v2\/pages\/947\/revisions\/1086"}],"wp:featuredmedia":[{"embeddable":true,"href":"https:\/\/vineyard-bergedorf.de\/wop\/wp-json\/wp\/v2\/media\/1085"}],"wp:attachment":[{"href":"https:\/\/vineyard-bergedorf.de\/wop\/wp-json\/wp\/v2\/media?parent=947"}],"curies":[{"name":"wp","href":"https:\/\/api.w.org\/{rel}","templated":true}]}}