{"id":950,"date":"2015-02-04T19:38:28","date_gmt":"2015-02-04T18:38:28","guid":{"rendered":"http:\/\/vineyard-bergedorf.de\/wop\/?page_id=950"},"modified":"2023-04-19T10:07:11","modified_gmt":"2023-04-19T08:07:11","slug":"was-ist-vineyard","status":"publish","type":"page","link":"https:\/\/vineyard-bergedorf.de\/wop\/ueber-uns\/was-ist-vineyard\/","title":{"rendered":"Was ist Vineyard"},"content":{"rendered":"\n<h3 class=\"wp-block-heading\">Vineyard \u2013 Ein Name und seine Bedeutung<\/h3>\n\n\n\n<p>\u201eVineyard\u201c ist Englisch und bedeutet \u201eWeinberg\u201c. Der Weinberg ist im Neuen Testament ein Symbol f\u00fcr die Gegenwart Gottes in der Welt. Daran angelehnt, wurden Weintrauben zum Erkennungszeichen der weltweiten Vineyard Bewegung.<\/p>\n\n\n\n<h3 class=\"wp-block-heading\">Vineyard \u2013 Eine weltweite Bewegung<\/h3>\n\n\n\n<p>Zur weltweiten Vineyard Bewegung geh\u00f6ren gegenw\u00e4rtig \u00fcber 2\u2019500 eigenst\u00e4ndige Gemeinschaften (\u201eVineyards\u201c genannt) auf der ganzen Welt. Sie verbindet dieselben Werte und Anliegen, sie unterst\u00fctzen sich gegenseitig und setzen sich f\u00fcr die Anliegen von Gemeindegr\u00fcndungen und die Erneuerung bestehender Kirchen und Gemeinden ein.<\/p>\n\n\n\n<p>Die Vineyard Bewegung formt sich in jedem Land bzw. L\u00e4nder-Region eigenst\u00e4ndig. So bestehen z.B. eigenst\u00e4ndige Bewegungen in den USA, Kanada, Gro\u00dfbritannien, BENELUX-Staaten, Skandinavien, S\u00fcdafrika, Neuseeland, Australien und im deutschsprachigen Raum. Ziel der Gr\u00fcndungsbem\u00fchungen ist die Einsetzung nationaler Leiterinnen und Leiter, sobald solche best\u00e4tigt worden sind und in einem Land\/Region eine gewisse Anzahl Vineyards besteht.<\/p>\n\n\n\n<h3 class=\"wp-block-heading\">Die grundlegende Ausrichtung der Vineyard Bewegung<\/h3>\n\n\n\n<p>Die Vineyard Bewegung beruft sich grunds\u00e4tzlich auf die traditionellen kirchlichen Glaubensbekenntnisse und pflegt den Glauben und das Gemeindeleben mit protestantischer und evangelikaler Ausrichtung. In ihrem Kirchenverst\u00e4ndnis wie auch in der Pflege unserer Beziehungen zu Kirchen und Gemeinschaften ist die Vineyard Bewegung \u00f6kumenisch.<\/p>\n\n\n\n<h3 class=\"wp-block-heading\">Die Werte der Vineyard Bewegung<\/h3>\n\n\n\n<p>1. Die Bibel \u2013 Wir orientieren uns an der Bibel als Grundlage f\u00fcr unser Leben und unseren Glauben.<br>2. Jesus und der Heilige Geist \u2013 Wir suchen eine pers\u00f6nliche Beziehung zu Jesus und anerkennen ihn als Herrn der Gemeinde. Er handelt unter uns durch die Kraft des Heiligen Geistes.<br>3. Beziehungen \u2013 Wir suchen Beziehungen, die tragf\u00e4hig und ehrlich sind.<br>4. Gnade \u2013 Wir wollen mit einander so umgehen, wie Gott mit uns umgeht: In Liebe, Annahme und Vergebung.<br>5. Heilung \u2013 Wir erwarten Wiederherstellung und Heilung f\u00fcr den Menschen an K\u00f6rper, Seele und Geist und f\u00fcr die Welt in allen gesellschaftlichen Bereichen.<br>6. Reich Gottes \u2013 Wir erwarten im Spannungsfeld des \u201eNoch nicht \u2013 Schon jetzt\u201c Zeichen des angebrochenen Reiches Gottes. Wir wollen Menschen finden, f\u00f6rdern und diese in Dienst und Verantwortung f\u00fchren.<\/p>\n\n\n\n<p>Quelle: http:\/\/vineyard-thun.ch\/index.php?id=was-ist-vineyard<\/p>\n","protected":false},"excerpt":{"rendered":"<p>Vineyard \u2013 Ein Name und seine Bedeutung \u201eVineyard\u201c ist Englisch und bedeutet \u201eWeinberg\u201c. Der Weinberg ist im Neuen Testament ein Symbol f\u00fcr die Gegenwart Gottes in der Welt. Daran angelehnt, wurden Weintrauben zum Erkennungszeichen der weltweiten Vineyard Bewegung. Vineyard \u2013 Eine weltweite Bewegung Zur weltweiten Vineyard Bewegung geh\u00f6ren gegenw\u00e4rtig \u00fcber 2\u2019500 eigenst\u00e4ndige Gemeinschaften (\u201eVineyards\u201c genannt) [&hellip;]<\/p>\n","protected":false},"author":1,"featured_media":1029,"parent":947,"menu_order":0,"comment_status":"closed","ping_status":"closed","template":"","meta":{"footnotes":""},"class_list":["post-950","page","type-page","status-publish","has-post-thumbnail","hentry"],"_links":{"self":[{"href":"https:\/\/vineyard-bergedorf.de\/wop\/wp-json\/wp\/v2\/pages\/950","targetHints":{"allow":["GET"]}}],"collection":[{"href":"https:\/\/vineyard-bergedorf.de\/wop\/wp-json\/wp\/v2\/pages"}],"about":[{"href":"https:\/\/vineyard-bergedorf.de\/wop\/wp-json\/wp\/v2\/types\/page"}],"author":[{"embeddable":true,"href":"https:\/\/vineyard-bergedorf.de\/wop\/wp-json\/wp\/v2\/users\/1"}],"replies":[{"embeddable":true,"href":"https:\/\/vineyard-bergedorf.de\/wop\/wp-json\/wp\/v2\/comments?post=950"}],"version-history":[{"count":2,"href":"https:\/\/vineyard-bergedorf.de\/wop\/wp-json\/wp\/v2\/pages\/950\/revisions"}],"predecessor-version":[{"id":2403,"href":"https:\/\/vineyard-bergedorf.de\/wop\/wp-json\/wp\/v2\/pages\/950\/revisions\/2403"}],"up":[{"embeddable":true,"href":"https:\/\/vineyard-bergedorf.de\/wop\/wp-json\/wp\/v2\/pages\/947"}],"wp:featuredmedia":[{"embeddable":true,"href":"https:\/\/vineyard-bergedorf.de\/wop\/wp-json\/wp\/v2\/media\/1029"}],"wp:attachment":[{"href":"https:\/\/vineyard-bergedorf.de\/wop\/wp-json\/wp\/v2\/media?parent=950"}],"curies":[{"name":"wp","href":"https:\/\/api.w.org\/{rel}","templated":true}]}}