{"id":961,"date":"2015-02-04T19:59:08","date_gmt":"2015-02-04T18:59:08","guid":{"rendered":"http:\/\/vineyard-bergedorf.de\/wop\/?page_id=961"},"modified":"2024-02-18T19:32:05","modified_gmt":"2024-02-18T18:32:05","slug":"gottesdienste","status":"publish","type":"page","link":"https:\/\/vineyard-bergedorf.de\/wop\/gottesdienste\/","title":{"rendered":"Gottesdienste"},"content":{"rendered":"<blockquote><p>Es gibt viele Gr\u00fcnde in einen Gottesdienst zu gehen. Dankbarkeit, der Wunsch nach etwas Besinnung, die Erwartung Hilfe zu bekommen, die M\u00f6glichkeit neue Menschen kennen zu lernen, oder einfach nur \u2026 Neugierde.<\/p><\/blockquote>\n<p>Unsere Gottesdienste beginnen am Sonntag um 10:00 Uhr. Sie dauern ca. anderthalb Stunden.\u00a0 Alle zwei Wochen treffen wir uns nicht in den Glasbl\u00e4serh\u00f6fen, sondern bei Menschen zu Hause in Hausgemeinschaften. In diesen leben wir Gemeinschaft, essen meistens zusammen, tauschen uns aus und pflegen Beziehungen.<\/p>\n<p><strong>\u00a0<\/strong><\/p>\n<h3>Frohe Botschaft<\/h3>\n<p>So unterschiedlich wie die einzelnen Menschen sind, so unterschiedlich sind die vielen verschiedenen Bibelaussagen. Aber in allen Bibeln steht dasselbe Bekenntnis: Gott liebt jeden Menschen und will ihn durch Jesus Christus erretten. Auf diese Aussage berufen wir uns. In den Predigten wird dieses Angebot Gottes lebensnah, ermutigend und aufbauend dargelegt.<\/p>\n<h3>Anbetung<\/h3>\n<p>Musik ist uns wichtig, weil wir Gott mit unseren Liedern anbeten. \u00dcber moderne Musik treten wir mit Gott in Beziehung und singen nicht \u00fcber ihn, sondern ihm zu. Tanz geh\u00f6rt dazu!<\/p>\n<h3>Freie Atmosph\u00e4re<\/h3>\n<p>Jeder ist willkommen, Kinder und Erwachsene, auch mit Sorgen und Fragen. Alle sollen sich wohl f\u00fchlen, es gibt keine Kleiderordnung. Manches geschieht spontan, Hauptsache, wir merken, dass Gott bei uns ist. Wir sind davon \u00fcberzeugt, dass Christsein eine spannende und lohnende Sache ist.<\/p>\n<h3>F\u00fcreinander beten<\/h3>\n<p>F\u00fcr uns ist Beten nichts Abgehobenes, sondern ein ganz normales Gespr\u00e4ch mit Gott, allein oder in einer Gruppe. Wir alle haben dadurch Trost, Anteilnahme oder Hilfe erfahren. Gott hat sichtbar in unser Leben eingegriffen und uns gezeigt, dass er f\u00fcr jeden von uns da ist.<\/p>\n<h3>F\u00fcr alle Generationen<\/h3>\n<p>In unserer Gemeinde wollen wir mit mehreren Generationen &#8222;unter einem Dach&#8220; leben.<br \/>\nVom S\u00e4ugling bis zum Senior f\u00fchlen sich alle in einer bunt gemischten Gruppe wohl.<br \/>\nEgal ob Single, Ehepaar oder Familie mit Kindern, jeder wird so angenommen, wie er ist.<\/p>\n","protected":false},"excerpt":{"rendered":"<p>Es gibt viele Gr\u00fcnde in einen Gottesdienst zu gehen. Dankbarkeit, der Wunsch nach etwas Besinnung, die Erwartung Hilfe zu bekommen, die M\u00f6glichkeit neue Menschen kennen zu lernen, oder einfach nur \u2026 Neugierde. Unsere Gottesdienste beginnen am Sonntag um 10:00 Uhr. Sie dauern ca. anderthalb Stunden.\u00a0 Alle zwei Wochen treffen wir uns nicht in den Glasbl\u00e4serh\u00f6fen, [&hellip;]<\/p>\n","protected":false},"author":1,"featured_media":1006,"parent":0,"menu_order":0,"comment_status":"closed","ping_status":"closed","template":"","meta":{"footnotes":""},"class_list":["post-961","page","type-page","status-publish","has-post-thumbnail","hentry"],"_links":{"self":[{"href":"https:\/\/vineyard-bergedorf.de\/wop\/wp-json\/wp\/v2\/pages\/961","targetHints":{"allow":["GET"]}}],"collection":[{"href":"https:\/\/vineyard-bergedorf.de\/wop\/wp-json\/wp\/v2\/pages"}],"about":[{"href":"https:\/\/vineyard-bergedorf.de\/wop\/wp-json\/wp\/v2\/types\/page"}],"author":[{"embeddable":true,"href":"https:\/\/vineyard-bergedorf.de\/wop\/wp-json\/wp\/v2\/users\/1"}],"replies":[{"embeddable":true,"href":"https:\/\/vineyard-bergedorf.de\/wop\/wp-json\/wp\/v2\/comments?post=961"}],"version-history":[{"count":8,"href":"https:\/\/vineyard-bergedorf.de\/wop\/wp-json\/wp\/v2\/pages\/961\/revisions"}],"predecessor-version":[{"id":2599,"href":"https:\/\/vineyard-bergedorf.de\/wop\/wp-json\/wp\/v2\/pages\/961\/revisions\/2599"}],"wp:featuredmedia":[{"embeddable":true,"href":"https:\/\/vineyard-bergedorf.de\/wop\/wp-json\/wp\/v2\/media\/1006"}],"wp:attachment":[{"href":"https:\/\/vineyard-bergedorf.de\/wop\/wp-json\/wp\/v2\/media?parent=961"}],"curies":[{"name":"wp","href":"https:\/\/api.w.org\/{rel}","templated":true}]}}