{"id":963,"date":"2015-02-04T19:57:36","date_gmt":"2015-02-04T18:57:36","guid":{"rendered":"http:\/\/vineyard-bergedorf.de\/wop\/?page_id=963"},"modified":"2015-02-05T14:08:17","modified_gmt":"2015-02-05T13:08:17","slug":"gute-nachricht","status":"publish","type":"page","link":"https:\/\/vineyard-bergedorf.de\/wop\/gute-nachricht\/","title":{"rendered":"Gute Nachricht"},"content":{"rendered":"<p style=\"text-align: justify;\">Jesus von Nazareth wurde etwa im Jahr 6 v.Chr. geboren und lebte danach ca. 30 Jahre in dem Land, das wir heute als Israel kennen. Seine Zeit in der \u00d6ffentlichkeit betrug etwa 3 Jahre. Er wurde gewaltsam hingerichtet und ist nach 3 Tagen durch Gottes Eingreifen vom Tod auferstanden&#8230;<\/p>\n<h3 style=\"text-align: justify;\">Bibel<\/h3>\n<p style=\"text-align: justify;\">Die vier Evangelien (Matth\u00e4us, Markus, Lukas, Johannes) berichten vom Leben Jesu, von seinen Worten und Taten und von Menschen, deren Leben durch Jesus radikal ver\u00e4ndert wurde. Die Schreiber der Evangelien bezeugen \u00fcbereinstimmend, dass Jesus der Sohn des lebendigen Gottes ist. Mit ihm ist das Reich Gottes angebrochen, d.h. Menschen k\u00f6nnen Gott hautnah erleben und in eine Beziehung zu ihm eintreten&#8230;<\/p>\n<h3 style=\"text-align: justify;\">Berichte<\/h3>\n<p style=\"text-align: justify;\">Menschen lernen Gott pers\u00f6nlich kennen. Das ist jedes Mal eine faszinierende Sache. Jeder erlebt es anders; jeder erz\u00e4hlt es auf seine Weise. Allen Berichten gemeinsam ist die tiefe Betroffenheit, die dadurch erzeugt wird, die gro\u00dfe Freude, die Menschen erleben und die Ver\u00e4nderungen, die sie in ihrem Leben feststellen k\u00f6nnen&#8230;<\/p>\n<h3 style=\"text-align: justify;\">Befreiung<\/h3>\n<p style=\"text-align: justify;\">Viele Menschen sp\u00fcren, dass sie in dem einen oder anderen Bereich ihres Lebens unfrei sind. Es k\u00f6nnen heimliche oder offen liegende S\u00fcchte sein, oder auch ein bestimmtes Verhalten, das es ihnen selbst und anderen schwer macht, miteinander zu leben. (z.B.: J\u00e4hzorn, Unvers\u00f6hnlichkeit, Niedergeschlagenheit). Durch Jesu Eingreifen k\u00f6nnen Menschen Befreiung erfahren. Das haben viele von uns erlebt. Wir m\u00f6chten allen, die danach fragen, diese Erfahrung zug\u00e4nglich machen.<\/p>\n<h3 style=\"text-align: justify;\">Bekehrung<\/h3>\n<p style=\"text-align: justify;\">Jesus hat eine klare Einladung ausgesprochen. Menschen k\u00f6nnen auf ihrem Lebensweg umdrehen. Sind Sie bis jetzt vor Gott weggelaufen oder haben ohne ihn gelebt, so k\u00f6nnen Sie jetzt zu Gott kommen. Dazu ist es notwendig, Jesus und sein Angebot n\u00e4her kennen zu lernen. Da wollen wir gerne helfen, in unseren Gottesdiensten oder zum Beispiel durch den Besuch eines Alpha-Kurses.<\/p>\n<h3 style=\"text-align: justify;\">Begeisterung<\/h3>\n<p style=\"text-align: justify;\">Das Christentum hat sich in den ersten Jahren sehr schnell ausgebreitet und wird seit 2000 Jahren von einer Generation an die n\u00e4chste weitergegeben. Dies tun haupts\u00e4chlich Menschen, die Gott pers\u00f6nlich erlebt haben und die es anderen weitersagen m\u00f6chten, wie ein durstiger Mensch, der in der W\u00fcste eine Quelle gefunden hat und den anderen sagt, wo es Wasser zu trinken gibt.<\/p>\n","protected":false},"excerpt":{"rendered":"<p>Jesus von Nazareth wurde etwa im Jahr 6 v.Chr. geboren und lebte danach ca. 30 Jahre in dem Land, das wir heute als Israel kennen. Seine Zeit in der \u00d6ffentlichkeit betrug etwa 3 Jahre. Er wurde gewaltsam hingerichtet und ist nach 3 Tagen durch Gottes Eingreifen vom Tod auferstanden&#8230; Bibel Die vier Evangelien (Matth\u00e4us, Markus, [&hellip;]<\/p>\n","protected":false},"author":1,"featured_media":1007,"parent":0,"menu_order":0,"comment_status":"closed","ping_status":"open","template":"","meta":{"footnotes":""},"class_list":["post-963","page","type-page","status-publish","has-post-thumbnail","hentry"],"_links":{"self":[{"href":"https:\/\/vineyard-bergedorf.de\/wop\/wp-json\/wp\/v2\/pages\/963","targetHints":{"allow":["GET"]}}],"collection":[{"href":"https:\/\/vineyard-bergedorf.de\/wop\/wp-json\/wp\/v2\/pages"}],"about":[{"href":"https:\/\/vineyard-bergedorf.de\/wop\/wp-json\/wp\/v2\/types\/page"}],"author":[{"embeddable":true,"href":"https:\/\/vineyard-bergedorf.de\/wop\/wp-json\/wp\/v2\/users\/1"}],"replies":[{"embeddable":true,"href":"https:\/\/vineyard-bergedorf.de\/wop\/wp-json\/wp\/v2\/comments?post=963"}],"version-history":[{"count":1,"href":"https:\/\/vineyard-bergedorf.de\/wop\/wp-json\/wp\/v2\/pages\/963\/revisions"}],"predecessor-version":[{"id":964,"href":"https:\/\/vineyard-bergedorf.de\/wop\/wp-json\/wp\/v2\/pages\/963\/revisions\/964"}],"wp:featuredmedia":[{"embeddable":true,"href":"https:\/\/vineyard-bergedorf.de\/wop\/wp-json\/wp\/v2\/media\/1007"}],"wp:attachment":[{"href":"https:\/\/vineyard-bergedorf.de\/wop\/wp-json\/wp\/v2\/media?parent=963"}],"curies":[{"name":"wp","href":"https:\/\/api.w.org\/{rel}","templated":true}]}}