{"id":965,"date":"2015-02-04T19:58:06","date_gmt":"2015-02-04T18:58:06","guid":{"rendered":"http:\/\/vineyard-bergedorf.de\/wop\/?page_id=965"},"modified":"2023-07-10T21:57:54","modified_gmt":"2023-07-10T19:57:54","slug":"hilfe-in-not","status":"publish","type":"page","link":"https:\/\/vineyard-bergedorf.de\/wop\/hilfe-in-not\/","title":{"rendered":"Hilfe in Not"},"content":{"rendered":"<h3 style=\"text-align: justify;\">Gebet<\/h3>\n<p style=\"text-align: justify;\">In unseren Gottesdiensten bieten wir kranken oder hilfesuchenden Menschen an, f\u00fcr sie zu beten. Wir tun dies nach dem biblischen Vorbild, wie es Jesus und seine J\u00fcnger h\u00e4ufig getan haben.<\/p>\n<h3 style=\"text-align: justify;\">Gespr\u00e4che<\/h3>\n<p style=\"text-align: justify;\">Oft ist es hilfreich, mit anderen Menschen \u00fcber die eigene Lebenssituation zu sprechen, besonders in Zeiten von k\u00f6rperlichen und seelischen Krisen. Im Umfeld unserer Gemeinde gibt es erfahrene Mitarbeiter, die dabei helfen k\u00f6nnen. Uns ist die Zusammenschau von k\u00f6rperlichen, seelischen und geistlichen Aspekten wichtig.<\/p>\n<h3 style=\"text-align: justify;\"><\/h3>\n<h3 style=\"text-align: justify;\">Speisekammer<\/h3>\n<p style=\"text-align: justify;\">Es gibt Zeiten, in denen man nicht wei\u00df, wie man sich und seine Familie satt machen sollte. F\u00fcr solche Notlagen steht unserer Gemeinde eine Speisekammer zur Verf\u00fcgung, f\u00fcr die unsere Gemeindemitglieder regelm\u00e4\u00dfig haltbare Lebensmittel spenden. Diese Lebensmittel werden in Kartons verpackt und an bed\u00fcrftige Personen weitergeleitet.<\/p>\n","protected":false},"excerpt":{"rendered":"<p>Gebet In unseren Gottesdiensten bieten wir kranken oder hilfesuchenden Menschen an, f\u00fcr sie zu beten. Wir tun dies nach dem biblischen Vorbild, wie es Jesus und seine J\u00fcnger h\u00e4ufig getan haben. Gespr\u00e4che Oft ist es hilfreich, mit anderen Menschen \u00fcber die eigene Lebenssituation zu sprechen, besonders in Zeiten von k\u00f6rperlichen und seelischen Krisen. Im Umfeld [&hellip;]<\/p>\n","protected":false},"author":1,"featured_media":2480,"parent":0,"menu_order":0,"comment_status":"closed","ping_status":"open","template":"","meta":{"footnotes":""},"class_list":["post-965","page","type-page","status-publish","has-post-thumbnail","hentry"],"_links":{"self":[{"href":"https:\/\/vineyard-bergedorf.de\/wop\/wp-json\/wp\/v2\/pages\/965","targetHints":{"allow":["GET"]}}],"collection":[{"href":"https:\/\/vineyard-bergedorf.de\/wop\/wp-json\/wp\/v2\/pages"}],"about":[{"href":"https:\/\/vineyard-bergedorf.de\/wop\/wp-json\/wp\/v2\/types\/page"}],"author":[{"embeddable":true,"href":"https:\/\/vineyard-bergedorf.de\/wop\/wp-json\/wp\/v2\/users\/1"}],"replies":[{"embeddable":true,"href":"https:\/\/vineyard-bergedorf.de\/wop\/wp-json\/wp\/v2\/comments?post=965"}],"version-history":[{"count":2,"href":"https:\/\/vineyard-bergedorf.de\/wop\/wp-json\/wp\/v2\/pages\/965\/revisions"}],"predecessor-version":[{"id":1431,"href":"https:\/\/vineyard-bergedorf.de\/wop\/wp-json\/wp\/v2\/pages\/965\/revisions\/1431"}],"wp:featuredmedia":[{"embeddable":true,"href":"https:\/\/vineyard-bergedorf.de\/wop\/wp-json\/wp\/v2\/media\/2480"}],"wp:attachment":[{"href":"https:\/\/vineyard-bergedorf.de\/wop\/wp-json\/wp\/v2\/media?parent=965"}],"curies":[{"name":"wp","href":"https:\/\/api.w.org\/{rel}","templated":true}]}}